{"id":11757,"date":"2026-03-27T11:19:16","date_gmt":"2026-03-27T11:19:16","guid":{"rendered":"https:\/\/www.butixsml.com\/?post_type=product&#038;p=11757"},"modified":"2026-03-27T12:33:20","modified_gmt":"2026-03-27T12:33:20","slug":"kadin-uzun-kollu-kapsonlu-fermuarli-onden-cep-detayli-sardonlu-iki-iplik-ceket","status":"publish","type":"product","link":"http:\/\/www.butixsml.com\/index.php\/urun\/kadin-uzun-kollu-kapsonlu-fermuarli-onden-cep-detayli-sardonlu-iki-iplik-ceket\/","title":{"rendered":"Kad\u0131n Uzun Kollu Kap\u015fonlu Fermuarl\u0131 \u00f6nden Cep Detayl\u0131 \u015fardonlu Iki Iplik Ceket"},"content":{"rendered":"<p>Kad\u0131n Uzun Kollu Kap\u015fonlu Fermuarl\u0131 \u00f6nden Cep Detayl\u0131 \u015fardonlu Iki Iplik Ceket<\/p>\n<p><\/p>\n<p>Modelin \u00d6l\u00e7\u00fcleri: Boy:165, Kg:55, G\u00f6\u011f\u00fcs:90, Bel:72, Kal\u00e7a: 100<\/p>\n<p><\/p>\n<p>Modelin \u00fczerindeki \u00fcr\u00fcn M\/38 bedendir<\/p>\n<p><\/p>\n<ul>\n<li>KOL UZUNLUK-Uzun Kol<\/li>\n<li>UZUNLUK-Di\u011ferleri<\/li>\n<li>KAPISON-Kap\u00fc\u015fonlu<\/li>\n<li>IC MALZEME-Dogal<\/li>\n<\/ul>\n","protected":false},"excerpt":{"rendered":"<p>Kad\u0131n Uzun Kollu Kap\u015fonlu Fermuarl\u0131 \u00f6nden Cep Detayl\u0131 \u015fardonlu Iki Iplik Ceket Modelin \u00d6l\u00e7\u00fcleri: Boy:165, Kg:55, G\u00f6\u011f\u00fcs:90, Bel:72, Kal\u00e7a: 100 Modelin \u00fczerindeki \u00fcr\u00fcn M\/38 bedendir KOL UZUNLUK-Uzun Kol UZUNLUK-Di\u011ferleri KAPISON-Kap\u00fc\u015fonlu IC MALZEME-Dogal<\/p>\n","protected":false},"featured_media":10281,"comment_status":"open","ping_status":"closed","template":"","meta":{"_kad_post_transparent":"","_kad_post_title":"","_kad_post_layout":"","_kad_post_sidebar_id":"","_kad_post_content_style":"","_kad_post_vertical_padding":"","_kad_post_feature":"","_kad_post_feature_position":"","_kad_post_header":false,"_kad_post_footer":false,"_kad_post_classname":""},"product_brand":[91],"product_cat":[27],"product_tag":[],"class_list":{"0":"post-11757","1":"product","2":"type-product","3":"status-publish","4":"has-post-thumbnail","6":"product_brand-butixsml","7":"product_cat-ceket","9":"first","10":"instock","11":"shipping-taxable","12":"purchasable","13":"product-type-simple","14":"entry","15":"content-bg","16":"loop-entry"},"_links":{"self":[{"href":"http:\/\/www.butixsml.com\/index.php\/wp-json\/wp\/v2\/product\/11757","targetHints":{"allow":["GET"]}}],"collection":[{"href":"http:\/\/www.butixsml.com\/index.php\/wp-json\/wp\/v2\/product"}],"about":[{"href":"http:\/\/www.butixsml.com\/index.php\/wp-json\/wp\/v2\/types\/product"}],"replies":[{"embeddable":true,"href":"http:\/\/www.butixsml.com\/index.php\/wp-json\/wp\/v2\/comments?post=11757"}],"wp:featuredmedia":[{"embeddable":true,"href":"http:\/\/www.butixsml.com\/index.php\/wp-json\/wp\/v2\/media\/10281"}],"wp:attachment":[{"href":"http:\/\/www.butixsml.com\/index.php\/wp-json\/wp\/v2\/media?parent=11757"}],"wp:term":[{"taxonomy":"product_brand","embeddable":true,"href":"http:\/\/www.butixsml.com\/index.php\/wp-json\/wp\/v2\/product_brand?post=11757"},{"taxonomy":"product_cat","embeddable":true,"href":"http:\/\/www.butixsml.com\/index.php\/wp-json\/wp\/v2\/product_cat?post=11757"},{"taxonomy":"product_tag","embeddable":true,"href":"http:\/\/www.butixsml.com\/index.php\/wp-json\/wp\/v2\/product_tag?post=11757"}],"curies":[{"name":"wp","href":"https:\/\/api.w.org\/{rel}","templated":true}]}}