{"id":11772,"date":"2026-03-27T11:19:26","date_gmt":"2026-03-27T11:19:26","guid":{"rendered":"https:\/\/www.butixsml.com\/?post_type=product&#038;p=11772"},"modified":"2026-03-27T12:33:23","modified_gmt":"2026-03-27T12:33:23","slug":"kadin-yesil-krep-kumas-midi-boy-kusakli-uzunkol-elbise","status":"publish","type":"product","link":"http:\/\/www.butixsml.com\/index.php\/urun\/kadin-yesil-krep-kumas-midi-boy-kusakli-uzunkol-elbise\/","title":{"rendered":"Kad\u0131n Ye\u015fil Krep Kuma\u015f Midi Boy Ku\u015fakl\u0131 Uzunkol Elbise"},"content":{"rendered":"<p>Kad\u0131n Ye\u015fil Krep Kuma\u015f Midi Boy Ku\u015fakl\u0131 Uzunkol Elbise<\/p>\n<p><\/p>\n<p>Modelin \u00d6l\u00e7\u00fcleri: Boy:165, Kg:55, G\u00f6\u011f\u00fcs:90, Bel:72, Kal\u00e7a: 100<\/p>\n<p><\/p>\n<p>Modelin \u00fczerindeki \u00fcr\u00fcn M\/38 bedendir<\/p>\n<p><\/p>\n<ul>\n<li>EK OZELLIKLER-Ete\u011fi F\u0131rf\u0131rl\u0131<\/li>\n<li>KAPATMA TURU-Kapanmiyor<\/li>\n<li>TARZ-Elegant<\/li>\n<li>UZUNLUK-Midi Boy<\/li>\n<li>YAKA-Kruvaze<\/li>\n<li>DESEN-Desensiz\/D\u00fcz<\/li>\n<li>KOL UZUNLUK-Uzun Kol<\/li>\n<li>TARZ-Kokteyl<\/li>\n<li>KALIP-D\u00fcz\/Desensiz<\/li>\n<\/ul>\n","protected":false},"excerpt":{"rendered":"<p>Kad\u0131n Ye\u015fil Krep Kuma\u015f Midi Boy Ku\u015fakl\u0131 Uzunkol Elbise Modelin \u00d6l\u00e7\u00fcleri: Boy:165, Kg:55, G\u00f6\u011f\u00fcs:90, Bel:72, Kal\u00e7a: 100 Modelin \u00fczerindeki \u00fcr\u00fcn M\/38 bedendir EK OZELLIKLER-Ete\u011fi F\u0131rf\u0131rl\u0131 KAPATMA TURU-Kapanmiyor TARZ-Elegant UZUNLUK-Midi Boy YAKA-Kruvaze DESEN-Desensiz\/D\u00fcz KOL UZUNLUK-Uzun Kol TARZ-Kokteyl KALIP-D\u00fcz\/Desensiz<\/p>\n","protected":false},"featured_media":8872,"comment_status":"open","ping_status":"closed","template":"","meta":{"_kad_post_transparent":"","_kad_post_title":"","_kad_post_layout":"","_kad_post_sidebar_id":"","_kad_post_content_style":"","_kad_post_vertical_padding":"","_kad_post_feature":"","_kad_post_feature_position":"","_kad_post_header":false,"_kad_post_footer":false,"_kad_post_classname":""},"product_brand":[91],"product_cat":[21],"product_tag":[],"class_list":{"0":"post-11772","1":"product","2":"type-product","3":"status-publish","4":"has-post-thumbnail","6":"product_brand-butixsml","7":"product_cat-elbise","9":"first","10":"instock","11":"shipping-taxable","12":"purchasable","13":"product-type-simple","14":"entry","15":"content-bg","16":"loop-entry"},"_links":{"self":[{"href":"http:\/\/www.butixsml.com\/index.php\/wp-json\/wp\/v2\/product\/11772","targetHints":{"allow":["GET"]}}],"collection":[{"href":"http:\/\/www.butixsml.com\/index.php\/wp-json\/wp\/v2\/product"}],"about":[{"href":"http:\/\/www.butixsml.com\/index.php\/wp-json\/wp\/v2\/types\/product"}],"replies":[{"embeddable":true,"href":"http:\/\/www.butixsml.com\/index.php\/wp-json\/wp\/v2\/comments?post=11772"}],"wp:featuredmedia":[{"embeddable":true,"href":"http:\/\/www.butixsml.com\/index.php\/wp-json\/wp\/v2\/media\/8872"}],"wp:attachment":[{"href":"http:\/\/www.butixsml.com\/index.php\/wp-json\/wp\/v2\/media?parent=11772"}],"wp:term":[{"taxonomy":"product_brand","embeddable":true,"href":"http:\/\/www.butixsml.com\/index.php\/wp-json\/wp\/v2\/product_brand?post=11772"},{"taxonomy":"product_cat","embeddable":true,"href":"http:\/\/www.butixsml.com\/index.php\/wp-json\/wp\/v2\/product_cat?post=11772"},{"taxonomy":"product_tag","embeddable":true,"href":"http:\/\/www.butixsml.com\/index.php\/wp-json\/wp\/v2\/product_tag?post=11772"}],"curies":[{"name":"wp","href":"https:\/\/api.w.org\/{rel}","templated":true}]}}