{"id":13166,"date":"2026-03-30T08:51:12","date_gmt":"2026-03-30T08:51:12","guid":{"rendered":"https:\/\/www.butixsml.com\/?post_type=product&#038;p=13166"},"modified":"2026-03-30T08:52:35","modified_gmt":"2026-03-30T08:52:35","slug":"kadin-yuksek-bel-lastikli-bagcikli-genis-kesim-dalgic-murdum-pantolon-2","status":"publish","type":"product","link":"http:\/\/www.butixsml.com\/index.php\/urun\/kadin-yuksek-bel-lastikli-bagcikli-genis-kesim-dalgic-murdum-pantolon-2\/","title":{"rendered":"Kad\u0131n Y\u00fcksek Bel Lastikli Ba\u011fc\u0131kl\u0131 Geni\u015f Kesim Dalg\u0131\u00e7 M\u00fcrd\u00fcm Pantolon"},"content":{"rendered":"<p>Kad\u0131n Y\u00fcksek Bel Lastikli Ba\u011fc\u0131kl\u0131 Geni\u015f Kesim Dalg\u0131\u00e7 M\u00fcrd\u00fcm Pantolon<\/p>\n<p><\/p>\n<p>Modelin \u00d6l\u00e7\u00fcleri: Boy:165, Kg:55, G\u00f6\u011f\u00fcs:90, Bel:72, Kal\u00e7a: 100<\/p>\n<p><\/p>\n<p>Modelin \u00fczerindeki \u00fcr\u00fcn M\/38 bedendir<\/p>\n<p><\/p>\n<ul>\n<li>DESEN-Di\u011ferleri<\/li>\n<li>BEL OZELLIK-Y\u00fcksek Bel<\/li>\n<li>EK OZELLIKLER-Bo\u015f\/Ek \u00f6zellik Yok<\/li>\n<li>KALIP-Diger<\/li>\n<li>BACAK BOYU-Uzun<\/li>\n<\/ul>\n","protected":false},"excerpt":{"rendered":"<p>Kad\u0131n Y\u00fcksek Bel Lastikli Ba\u011fc\u0131kl\u0131 Geni\u015f Kesim Dalg\u0131\u00e7 M\u00fcrd\u00fcm Pantolon Modelin \u00d6l\u00e7\u00fcleri: Boy:165, Kg:55, G\u00f6\u011f\u00fcs:90, Bel:72, Kal\u00e7a: 100 Modelin \u00fczerindeki \u00fcr\u00fcn M\/38 bedendir DESEN-Di\u011ferleri BEL OZELLIK-Y\u00fcksek Bel EK OZELLIKLER-Bo\u015f\/Ek \u00f6zellik Yok KALIP-Diger BACAK BOYU-Uzun<\/p>\n","protected":false},"featured_media":13319,"comment_status":"open","ping_status":"closed","template":"","meta":{"_kad_post_transparent":"","_kad_post_title":"","_kad_post_layout":"","_kad_post_sidebar_id":"","_kad_post_content_style":"","_kad_post_vertical_padding":"","_kad_post_feature":"","_kad_post_feature_position":"","_kad_post_header":false,"_kad_post_footer":false,"_kad_post_classname":""},"product_brand":[91],"product_cat":[20],"product_tag":[],"class_list":{"0":"post-13166","1":"product","2":"type-product","3":"status-publish","4":"has-post-thumbnail","6":"product_brand-butixsml","7":"product_cat-pantolon","9":"first","10":"instock","11":"shipping-taxable","12":"purchasable","13":"product-type-simple","14":"entry","15":"content-bg","16":"loop-entry"},"_links":{"self":[{"href":"http:\/\/www.butixsml.com\/index.php\/wp-json\/wp\/v2\/product\/13166","targetHints":{"allow":["GET"]}}],"collection":[{"href":"http:\/\/www.butixsml.com\/index.php\/wp-json\/wp\/v2\/product"}],"about":[{"href":"http:\/\/www.butixsml.com\/index.php\/wp-json\/wp\/v2\/types\/product"}],"replies":[{"embeddable":true,"href":"http:\/\/www.butixsml.com\/index.php\/wp-json\/wp\/v2\/comments?post=13166"}],"wp:featuredmedia":[{"embeddable":true,"href":"http:\/\/www.butixsml.com\/index.php\/wp-json\/wp\/v2\/media\/13319"}],"wp:attachment":[{"href":"http:\/\/www.butixsml.com\/index.php\/wp-json\/wp\/v2\/media?parent=13166"}],"wp:term":[{"taxonomy":"product_brand","embeddable":true,"href":"http:\/\/www.butixsml.com\/index.php\/wp-json\/wp\/v2\/product_brand?post=13166"},{"taxonomy":"product_cat","embeddable":true,"href":"http:\/\/www.butixsml.com\/index.php\/wp-json\/wp\/v2\/product_cat?post=13166"},{"taxonomy":"product_tag","embeddable":true,"href":"http:\/\/www.butixsml.com\/index.php\/wp-json\/wp\/v2\/product_tag?post=13166"}],"curies":[{"name":"wp","href":"https:\/\/api.w.org\/{rel}","templated":true}]}}