{"id":13258,"date":"2026-03-30T08:51:59","date_gmt":"2026-03-30T08:51:59","guid":{"rendered":"https:\/\/www.butixsml.com\/?post_type=product&#038;p=13258"},"modified":"2026-03-30T08:53:15","modified_gmt":"2026-03-30T08:53:15","slug":"kadin-uzun-kollu-kruvaze-yaka-etek-kruvaze-kesim-bel-toka-detayli-krep-elbise-2","status":"publish","type":"product","link":"http:\/\/www.butixsml.com\/index.php\/urun\/kadin-uzun-kollu-kruvaze-yaka-etek-kruvaze-kesim-bel-toka-detayli-krep-elbise-2\/","title":{"rendered":"Kad\u0131n Uzun Kollu Kruvaze Yaka Etek Kruvaze Kesim Bel Toka Detayl\u0131 Krep Elbise"},"content":{"rendered":"<p>Kad\u0131n Uzun Kollu Kruvaze Yaka Etek Kruvaze Kesim Bel Toka Detayl\u0131 Krep Elbise<\/p>\n<p><\/p>\n<p>Modelin \u00d6l\u00e7\u00fcleri: Boy:165, Kg:55, G\u00f6\u011f\u00fcs:90, Bel:72, Kal\u00e7a: 100<\/p>\n<p><\/p>\n<p>Modelin \u00fczerindeki \u00fcr\u00fcn M\/38 bedendir<\/p>\n<p><\/p>\n<ul>\n<li>EK OZELLIKLER-Bo\u015f\/Ek \u00f6zellik Yok<\/li>\n<li>TARZ-Elegant<\/li>\n<li>UZUNLUK-Diz \u00dcst\u00fc<\/li>\n<li>YAKA-Kruvaze<\/li>\n<li>DESEN-Di\u011ferleri<\/li>\n<li>KOL UZUNLUK-Uzun Kol<\/li>\n<li>TARZ-G\u00fcndelik<\/li>\n<li>KALIP-Kruvaze<\/li>\n<\/ul>\n","protected":false},"excerpt":{"rendered":"<p>Kad\u0131n Uzun Kollu Kruvaze Yaka Etek Kruvaze Kesim Bel Toka Detayl\u0131 Krep Elbise Modelin \u00d6l\u00e7\u00fcleri: Boy:165, Kg:55, G\u00f6\u011f\u00fcs:90, Bel:72, Kal\u00e7a: 100 Modelin \u00fczerindeki \u00fcr\u00fcn M\/38 bedendir EK OZELLIKLER-Bo\u015f\/Ek \u00f6zellik Yok TARZ-Elegant UZUNLUK-Diz \u00dcst\u00fc YAKA-Kruvaze DESEN-Di\u011ferleri KOL UZUNLUK-Uzun Kol TARZ-G\u00fcndelik KALIP-Kruvaze<\/p>\n","protected":false},"featured_media":13391,"comment_status":"open","ping_status":"closed","template":"","meta":{"_kad_post_transparent":"","_kad_post_title":"","_kad_post_layout":"","_kad_post_sidebar_id":"","_kad_post_content_style":"","_kad_post_vertical_padding":"","_kad_post_feature":"","_kad_post_feature_position":"","_kad_post_header":false,"_kad_post_footer":false,"_kad_post_classname":""},"product_brand":[91],"product_cat":[21],"product_tag":[],"class_list":{"0":"post-13258","1":"product","2":"type-product","3":"status-publish","4":"has-post-thumbnail","6":"product_brand-butixsml","7":"product_cat-elbise","9":"first","10":"instock","11":"shipping-taxable","12":"purchasable","13":"product-type-simple","14":"entry","15":"content-bg","16":"loop-entry"},"_links":{"self":[{"href":"http:\/\/www.butixsml.com\/index.php\/wp-json\/wp\/v2\/product\/13258","targetHints":{"allow":["GET"]}}],"collection":[{"href":"http:\/\/www.butixsml.com\/index.php\/wp-json\/wp\/v2\/product"}],"about":[{"href":"http:\/\/www.butixsml.com\/index.php\/wp-json\/wp\/v2\/types\/product"}],"replies":[{"embeddable":true,"href":"http:\/\/www.butixsml.com\/index.php\/wp-json\/wp\/v2\/comments?post=13258"}],"wp:featuredmedia":[{"embeddable":true,"href":"http:\/\/www.butixsml.com\/index.php\/wp-json\/wp\/v2\/media\/13391"}],"wp:attachment":[{"href":"http:\/\/www.butixsml.com\/index.php\/wp-json\/wp\/v2\/media?parent=13258"}],"wp:term":[{"taxonomy":"product_brand","embeddable":true,"href":"http:\/\/www.butixsml.com\/index.php\/wp-json\/wp\/v2\/product_brand?post=13258"},{"taxonomy":"product_cat","embeddable":true,"href":"http:\/\/www.butixsml.com\/index.php\/wp-json\/wp\/v2\/product_cat?post=13258"},{"taxonomy":"product_tag","embeddable":true,"href":"http:\/\/www.butixsml.com\/index.php\/wp-json\/wp\/v2\/product_tag?post=13258"}],"curies":[{"name":"wp","href":"https:\/\/api.w.org\/{rel}","templated":true}]}}