{"id":15136,"date":"2026-03-30T11:40:21","date_gmt":"2026-03-30T11:40:21","guid":{"rendered":"https:\/\/www.butixsml.com\/?post_type=product&#038;p=15136"},"modified":"2026-03-30T11:40:30","modified_gmt":"2026-03-30T11:40:30","slug":"erkek-yuksek-bel-onden-bagcikli-cepli-waffle-pantolon-2","status":"publish","type":"product","link":"http:\/\/www.butixsml.com\/index.php\/urun\/erkek-yuksek-bel-onden-bagcikli-cepli-waffle-pantolon-2\/","title":{"rendered":"Erkek Y\u00fcksek Bel \u00f6nden Ba\u011fc\u0131kl\u0131 Cepli Waffle Pantolon"},"content":{"rendered":"<p>Erkek Y\u00fcksek Bel \u00f6nden Ba\u011fc\u0131kl\u0131 Cepli Waffle Pantolon<\/p>\n<p><\/p>\n<ul>\n<li>DESEN-Di\u011ferleri<\/li>\n<li>BEL OZELLIK-Di\u011ferleri<\/li>\n<li>EK OZELLIKLER-Bo\u015f\/Ek \u00f6zellik Yok<\/li>\n<li>KALIP-Diger<\/li>\n<li>BACAK BOYU-Uzun<\/li>\n<\/ul>\n","protected":false},"excerpt":{"rendered":"<p>Erkek Y\u00fcksek Bel \u00f6nden Ba\u011fc\u0131kl\u0131 Cepli Waffle Pantolon DESEN-Di\u011ferleri BEL OZELLIK-Di\u011ferleri EK OZELLIKLER-Bo\u015f\/Ek \u00f6zellik Yok KALIP-Diger BACAK BOYU-Uzun<\/p>\n","protected":false},"featured_media":12587,"comment_status":"open","ping_status":"closed","template":"","meta":{"_kad_post_transparent":"","_kad_post_title":"","_kad_post_layout":"","_kad_post_sidebar_id":"","_kad_post_content_style":"","_kad_post_vertical_padding":"","_kad_post_feature":"","_kad_post_feature_position":"","_kad_post_header":false,"_kad_post_footer":false,"_kad_post_classname":""},"product_brand":[91],"product_cat":[34],"product_tag":[],"class_list":{"0":"post-15136","1":"product","2":"type-product","3":"status-publish","4":"has-post-thumbnail","6":"product_brand-butixsml","7":"product_cat-erkek-pantolon","9":"first","10":"instock","11":"shipping-taxable","12":"purchasable","13":"product-type-simple","14":"entry","15":"content-bg","16":"loop-entry"},"_links":{"self":[{"href":"http:\/\/www.butixsml.com\/index.php\/wp-json\/wp\/v2\/product\/15136","targetHints":{"allow":["GET"]}}],"collection":[{"href":"http:\/\/www.butixsml.com\/index.php\/wp-json\/wp\/v2\/product"}],"about":[{"href":"http:\/\/www.butixsml.com\/index.php\/wp-json\/wp\/v2\/types\/product"}],"replies":[{"embeddable":true,"href":"http:\/\/www.butixsml.com\/index.php\/wp-json\/wp\/v2\/comments?post=15136"}],"wp:featuredmedia":[{"embeddable":true,"href":"http:\/\/www.butixsml.com\/index.php\/wp-json\/wp\/v2\/media\/12587"}],"wp:attachment":[{"href":"http:\/\/www.butixsml.com\/index.php\/wp-json\/wp\/v2\/media?parent=15136"}],"wp:term":[{"taxonomy":"product_brand","embeddable":true,"href":"http:\/\/www.butixsml.com\/index.php\/wp-json\/wp\/v2\/product_brand?post=15136"},{"taxonomy":"product_cat","embeddable":true,"href":"http:\/\/www.butixsml.com\/index.php\/wp-json\/wp\/v2\/product_cat?post=15136"},{"taxonomy":"product_tag","embeddable":true,"href":"http:\/\/www.butixsml.com\/index.php\/wp-json\/wp\/v2\/product_tag?post=15136"}],"curies":[{"name":"wp","href":"https:\/\/api.w.org\/{rel}","templated":true}]}}