{"id":15954,"date":"2026-03-30T13:33:59","date_gmt":"2026-03-30T13:33:59","guid":{"rendered":"https:\/\/www.butixsml.com\/?post_type=product&#038;p=15954"},"modified":"2026-03-30T13:34:36","modified_gmt":"2026-03-30T13:34:36","slug":"erkek-baskili-t-shirt-kisa-kol-bisiklet-yaka-regular-fit-rahat-kalip-gunluk-tisort-beyaz-2","status":"publish","type":"product","link":"http:\/\/www.butixsml.com\/index.php\/urun\/erkek-baskili-t-shirt-kisa-kol-bisiklet-yaka-regular-fit-rahat-kalip-gunluk-tisort-beyaz-2\/","title":{"rendered":"Erkek Bask\u0131l\u0131 T-Shirt K\u0131sa Kol Bisiklet Yaka Regular Fit Rahat Kal\u0131p G\u00fcnl\u00fck Ti\u015f\u00f6rt &#8211; Beyaz"},"content":{"rendered":"<p>Erkek Bask\u0131l\u0131 T-Shirt K\u0131sa Kol Bisiklet Yaka Regular Fit Rahat Kal\u0131p G\u00fcnl\u00fck Ti\u015f\u00f6rt &#8211; Beyaz<\/p>\n<p><\/p>\n<ul>\n<\/ul>\n","protected":false},"excerpt":{"rendered":"<p>Erkek Bask\u0131l\u0131 T-Shirt K\u0131sa Kol Bisiklet Yaka Regular Fit Rahat Kal\u0131p G\u00fcnl\u00fck Ti\u015f\u00f6rt &#8211; Beyaz<\/p>\n","protected":false},"featured_media":16008,"comment_status":"open","ping_status":"closed","template":"","meta":{"_kad_post_transparent":"","_kad_post_title":"","_kad_post_layout":"","_kad_post_sidebar_id":"","_kad_post_content_style":"","_kad_post_vertical_padding":"","_kad_post_feature":"","_kad_post_feature_position":"","_kad_post_header":false,"_kad_post_footer":false,"_kad_post_classname":""},"product_brand":[91],"product_cat":[33],"product_tag":[],"class_list":{"0":"post-15954","1":"product","2":"type-product","3":"status-publish","4":"has-post-thumbnail","6":"product_brand-butixsml","7":"product_cat-erkek-t-shirt","9":"first","10":"instock","11":"shipping-taxable","12":"purchasable","13":"product-type-simple","14":"entry","15":"content-bg","16":"loop-entry"},"_links":{"self":[{"href":"http:\/\/www.butixsml.com\/index.php\/wp-json\/wp\/v2\/product\/15954","targetHints":{"allow":["GET"]}}],"collection":[{"href":"http:\/\/www.butixsml.com\/index.php\/wp-json\/wp\/v2\/product"}],"about":[{"href":"http:\/\/www.butixsml.com\/index.php\/wp-json\/wp\/v2\/types\/product"}],"replies":[{"embeddable":true,"href":"http:\/\/www.butixsml.com\/index.php\/wp-json\/wp\/v2\/comments?post=15954"}],"wp:featuredmedia":[{"embeddable":true,"href":"http:\/\/www.butixsml.com\/index.php\/wp-json\/wp\/v2\/media\/16008"}],"wp:attachment":[{"href":"http:\/\/www.butixsml.com\/index.php\/wp-json\/wp\/v2\/media?parent=15954"}],"wp:term":[{"taxonomy":"product_brand","embeddable":true,"href":"http:\/\/www.butixsml.com\/index.php\/wp-json\/wp\/v2\/product_brand?post=15954"},{"taxonomy":"product_cat","embeddable":true,"href":"http:\/\/www.butixsml.com\/index.php\/wp-json\/wp\/v2\/product_cat?post=15954"},{"taxonomy":"product_tag","embeddable":true,"href":"http:\/\/www.butixsml.com\/index.php\/wp-json\/wp\/v2\/product_tag?post=15954"}],"curies":[{"name":"wp","href":"https:\/\/api.w.org\/{rel}","templated":true}]}}