{"id":16244,"date":"2026-03-30T13:53:31","date_gmt":"2026-03-30T13:53:31","guid":{"rendered":"https:\/\/www.butixsml.com\/?post_type=product&#038;p=16244"},"modified":"2026-03-30T14:15:14","modified_gmt":"2026-03-30T14:15:14","slug":"kadin-sifir-kol-sirttan-baglamali-firfirli-cicek-desenli-suprem-elbise","status":"publish","type":"product","link":"http:\/\/www.butixsml.com\/index.php\/urun\/kadin-sifir-kol-sirttan-baglamali-firfirli-cicek-desenli-suprem-elbise\/","title":{"rendered":"Kad\u0131n S\u0131f\u0131r Kol S\u0131rttan Ba\u011flamal\u0131 F\u0131rf\u0131rl\u0131 \u00e7i\u00e7ek Desenli S\u00fcprem Elbise"},"content":{"rendered":"<p>Kad\u0131n S\u0131f\u0131r Kol S\u0131rttan Ba\u011flamal\u0131 F\u0131rf\u0131rl\u0131 \u00e7i\u00e7ek Desenli S\u00fcprem Elbise<\/p>\n<p><\/p>\n<p>Modelin \u00d6l\u00e7\u00fcleri: Boy:165, Kg:55, G\u00f6\u011f\u00fcs:90, Bel:72, Kal\u00e7a: 100<\/p>\n<p><\/p>\n<p>Modelin \u00fczerindeki \u00fcr\u00fcn M\/38 bedendir<\/p>\n<p><\/p>\n<ul>\n<li>TARZ-Di\u011ferleri<\/li>\n<li>YAKA-Di\u011ferleri<\/li>\n<li>DESEN-Hayvan Bask\u0131l\u0131\/Leopar Desen<\/li>\n<li>KOL UZUNLUK-Kolsuz<\/li>\n<li>UZUNLUK-Di\u011ferleri<\/li>\n<li>EK OZELLIKLER-Bo\u015f\/Ek \u00f6zellik Yok<\/li>\n<li>KALIP-Diger<\/li>\n<li>TARZ-Diger<\/li>\n<\/ul>\n","protected":false},"excerpt":{"rendered":"<p>Kad\u0131n S\u0131f\u0131r Kol S\u0131rttan Ba\u011flamal\u0131 F\u0131rf\u0131rl\u0131 \u00e7i\u00e7ek Desenli S\u00fcprem Elbise Modelin \u00d6l\u00e7\u00fcleri: Boy:165, Kg:55, G\u00f6\u011f\u00fcs:90, Bel:72, Kal\u00e7a: 100 Modelin \u00fczerindeki \u00fcr\u00fcn M\/38 bedendir TARZ-Di\u011ferleri YAKA-Di\u011ferleri DESEN-Hayvan Bask\u0131l\u0131\/Leopar Desen KOL UZUNLUK-Kolsuz UZUNLUK-Di\u011ferleri EK OZELLIKLER-Bo\u015f\/Ek \u00f6zellik Yok KALIP-Diger TARZ-Diger<\/p>\n","protected":false},"featured_media":16366,"comment_status":"open","ping_status":"closed","template":"","meta":{"_kad_post_transparent":"","_kad_post_title":"","_kad_post_layout":"","_kad_post_sidebar_id":"","_kad_post_content_style":"","_kad_post_vertical_padding":"","_kad_post_feature":"","_kad_post_feature_position":"","_kad_post_header":false,"_kad_post_footer":false,"_kad_post_classname":""},"product_brand":[91],"product_cat":[21],"product_tag":[],"class_list":{"0":"post-16244","1":"product","2":"type-product","3":"status-publish","4":"has-post-thumbnail","6":"product_brand-butixsml","7":"product_cat-elbise","9":"first","10":"instock","11":"shipping-taxable","12":"purchasable","13":"product-type-simple","14":"entry","15":"content-bg","16":"loop-entry"},"_links":{"self":[{"href":"http:\/\/www.butixsml.com\/index.php\/wp-json\/wp\/v2\/product\/16244","targetHints":{"allow":["GET"]}}],"collection":[{"href":"http:\/\/www.butixsml.com\/index.php\/wp-json\/wp\/v2\/product"}],"about":[{"href":"http:\/\/www.butixsml.com\/index.php\/wp-json\/wp\/v2\/types\/product"}],"replies":[{"embeddable":true,"href":"http:\/\/www.butixsml.com\/index.php\/wp-json\/wp\/v2\/comments?post=16244"}],"wp:featuredmedia":[{"embeddable":true,"href":"http:\/\/www.butixsml.com\/index.php\/wp-json\/wp\/v2\/media\/16366"}],"wp:attachment":[{"href":"http:\/\/www.butixsml.com\/index.php\/wp-json\/wp\/v2\/media?parent=16244"}],"wp:term":[{"taxonomy":"product_brand","embeddable":true,"href":"http:\/\/www.butixsml.com\/index.php\/wp-json\/wp\/v2\/product_brand?post=16244"},{"taxonomy":"product_cat","embeddable":true,"href":"http:\/\/www.butixsml.com\/index.php\/wp-json\/wp\/v2\/product_cat?post=16244"},{"taxonomy":"product_tag","embeddable":true,"href":"http:\/\/www.butixsml.com\/index.php\/wp-json\/wp\/v2\/product_tag?post=16244"}],"curies":[{"name":"wp","href":"https:\/\/api.w.org\/{rel}","templated":true}]}}