{"id":16386,"date":"2026-03-30T14:15:21","date_gmt":"2026-03-30T14:15:21","guid":{"rendered":"https:\/\/www.butixsml.com\/?post_type=product&#038;p=16386"},"modified":"2026-03-30T14:16:43","modified_gmt":"2026-03-30T14:16:43","slug":"kadin-sifir-kollu-capraz-v-yakali-onden-dugmeli-atlas-yelek-ve-pantolon-ikili-takim","status":"publish","type":"product","link":"http:\/\/www.butixsml.com\/index.php\/urun\/kadin-sifir-kollu-capraz-v-yakali-onden-dugmeli-atlas-yelek-ve-pantolon-ikili-takim\/","title":{"rendered":"Kad\u0131n S\u0131f\u0131r Kollu \u00e7apraz V Yakal\u0131 \u00f6nden D\u00fc\u011fmeli Atlas Yelek Ve Pantolon Ikili Tak\u0131m"},"content":{"rendered":"<p>Kad\u0131n S\u0131f\u0131r Kollu \u00e7apraz V Yakal\u0131 \u00f6nden D\u00fc\u011fmeli Atlas Yelek Ve Pantolon Ikili Tak\u0131m<\/p>\n<p><\/p>\n<p>Modelin \u00d6l\u00e7\u00fcleri: Boy:165, Kg:55, G\u00f6\u011f\u00fcs:90, Bel:72, Kal\u00e7a: 100<\/p>\n<p><\/p>\n<p>Modelin \u00fczerindeki \u00fcr\u00fcn M\/38 bedendir<\/p>\n<p><\/p>\n<ul>\n<li>KOL UZUNLUK-Kolsuz<\/li>\n<li>TAKIM OZELLIK-Pantolonlu Tak\u0131m<\/li>\n<li>EK OZELLIKLER-Bo\u015f\/Ek \u00f6zellik Yok<\/li>\n<\/ul>\n","protected":false},"excerpt":{"rendered":"<p>Kad\u0131n S\u0131f\u0131r Kollu \u00e7apraz V Yakal\u0131 \u00f6nden D\u00fc\u011fmeli Atlas Yelek Ve Pantolon Ikili Tak\u0131m Modelin \u00d6l\u00e7\u00fcleri: Boy:165, Kg:55, G\u00f6\u011f\u00fcs:90, Bel:72, Kal\u00e7a: 100 Modelin \u00fczerindeki \u00fcr\u00fcn M\/38 bedendir KOL UZUNLUK-Kolsuz TAKIM OZELLIK-Pantolonlu Tak\u0131m EK OZELLIKLER-Bo\u015f\/Ek \u00f6zellik Yok<\/p>\n","protected":false},"featured_media":16500,"comment_status":"open","ping_status":"closed","template":"","meta":{"_kad_post_transparent":"","_kad_post_title":"","_kad_post_layout":"","_kad_post_sidebar_id":"","_kad_post_content_style":"","_kad_post_vertical_padding":"","_kad_post_feature":"","_kad_post_feature_position":"","_kad_post_header":false,"_kad_post_footer":false,"_kad_post_classname":""},"product_brand":[91],"product_cat":[25],"product_tag":[],"class_list":{"0":"post-16386","1":"product","2":"type-product","3":"status-publish","4":"has-post-thumbnail","6":"product_brand-butixsml","7":"product_cat-takim","9":"first","10":"instock","11":"shipping-taxable","12":"purchasable","13":"product-type-simple","14":"entry","15":"content-bg","16":"loop-entry"},"_links":{"self":[{"href":"http:\/\/www.butixsml.com\/index.php\/wp-json\/wp\/v2\/product\/16386","targetHints":{"allow":["GET"]}}],"collection":[{"href":"http:\/\/www.butixsml.com\/index.php\/wp-json\/wp\/v2\/product"}],"about":[{"href":"http:\/\/www.butixsml.com\/index.php\/wp-json\/wp\/v2\/types\/product"}],"replies":[{"embeddable":true,"href":"http:\/\/www.butixsml.com\/index.php\/wp-json\/wp\/v2\/comments?post=16386"}],"wp:featuredmedia":[{"embeddable":true,"href":"http:\/\/www.butixsml.com\/index.php\/wp-json\/wp\/v2\/media\/16500"}],"wp:attachment":[{"href":"http:\/\/www.butixsml.com\/index.php\/wp-json\/wp\/v2\/media?parent=16386"}],"wp:term":[{"taxonomy":"product_brand","embeddable":true,"href":"http:\/\/www.butixsml.com\/index.php\/wp-json\/wp\/v2\/product_brand?post=16386"},{"taxonomy":"product_cat","embeddable":true,"href":"http:\/\/www.butixsml.com\/index.php\/wp-json\/wp\/v2\/product_cat?post=16386"},{"taxonomy":"product_tag","embeddable":true,"href":"http:\/\/www.butixsml.com\/index.php\/wp-json\/wp\/v2\/product_tag?post=16386"}],"curies":[{"name":"wp","href":"https:\/\/api.w.org\/{rel}","templated":true}]}}