{"id":18230,"date":"2026-03-31T06:34:39","date_gmt":"2026-03-31T06:34:39","guid":{"rendered":"https:\/\/www.butixsml.com\/?post_type=product&#038;p=18230"},"modified":"2026-03-31T06:34:48","modified_gmt":"2026-03-31T06:34:48","slug":"kadin-uzun-kollu-bisiklet-yaka-kusakli-iki-iplik-elbise","status":"publish","type":"product","link":"http:\/\/www.butixsml.com\/index.php\/urun\/kadin-uzun-kollu-bisiklet-yaka-kusakli-iki-iplik-elbise\/","title":{"rendered":"Kad\u0131n Uzun Kollu Bisiklet Yaka Ku\u015fakl\u0131 Iki Iplik Elbise"},"content":{"rendered":"<p>Kad\u0131n Uzun Kollu Bisiklet Yaka Ku\u015fakl\u0131 Iki Iplik Elbise<\/p>\n<p><\/p>\n<p>Modelin \u00d6l\u00e7\u00fcleri: Boy:165, Kg:55, G\u00f6\u011f\u00fcs:90, Bel:72, Kal\u00e7a: 100<\/p>\n<p><\/p>\n<p>Modelin \u00fczerindeki \u00fcr\u00fcn M\/38 bedendir<\/p>\n<p><\/p>\n<ul>\n<li>EK OZELLIKLER-Kurdela<\/li>\n<li>KAPATMA TURU-Kapanmiyor<\/li>\n<li>TARZ-Diger<\/li>\n<li>UZUNLUK-Mini<\/li>\n<li>YAKA-Bisiklet\/Yuvarlak Yaka<\/li>\n<li>DESEN-Desensiz\/D\u00fcz<\/li>\n<li>KOL UZUNLUK-Uzun Kol<\/li>\n<li>TARZ-G\u00fcndelik<\/li>\n<li>KALIP-Diger<\/li>\n<\/ul>\n","protected":false},"excerpt":{"rendered":"<p>Kad\u0131n Uzun Kollu Bisiklet Yaka Ku\u015fakl\u0131 Iki Iplik Elbise Modelin \u00d6l\u00e7\u00fcleri: Boy:165, Kg:55, G\u00f6\u011f\u00fcs:90, Bel:72, Kal\u00e7a: 100 Modelin \u00fczerindeki \u00fcr\u00fcn M\/38 bedendir EK OZELLIKLER-Kurdela KAPATMA TURU-Kapanmiyor TARZ-Diger UZUNLUK-Mini YAKA-Bisiklet\/Yuvarlak Yaka DESEN-Desensiz\/D\u00fcz KOL UZUNLUK-Uzun Kol TARZ-G\u00fcndelik KALIP-Diger<\/p>\n","protected":false},"featured_media":18236,"comment_status":"open","ping_status":"closed","template":"","meta":{"_kad_post_transparent":"","_kad_post_title":"","_kad_post_layout":"","_kad_post_sidebar_id":"","_kad_post_content_style":"","_kad_post_vertical_padding":"","_kad_post_feature":"","_kad_post_feature_position":"","_kad_post_header":false,"_kad_post_footer":false,"_kad_post_classname":""},"product_brand":[91],"product_cat":[21],"product_tag":[],"class_list":{"0":"post-18230","1":"product","2":"type-product","3":"status-publish","4":"has-post-thumbnail","6":"product_brand-butixsml","7":"product_cat-elbise","9":"first","10":"instock","11":"shipping-taxable","12":"purchasable","13":"product-type-simple","14":"entry","15":"content-bg","16":"loop-entry"},"_links":{"self":[{"href":"http:\/\/www.butixsml.com\/index.php\/wp-json\/wp\/v2\/product\/18230","targetHints":{"allow":["GET"]}}],"collection":[{"href":"http:\/\/www.butixsml.com\/index.php\/wp-json\/wp\/v2\/product"}],"about":[{"href":"http:\/\/www.butixsml.com\/index.php\/wp-json\/wp\/v2\/types\/product"}],"replies":[{"embeddable":true,"href":"http:\/\/www.butixsml.com\/index.php\/wp-json\/wp\/v2\/comments?post=18230"}],"wp:featuredmedia":[{"embeddable":true,"href":"http:\/\/www.butixsml.com\/index.php\/wp-json\/wp\/v2\/media\/18236"}],"wp:attachment":[{"href":"http:\/\/www.butixsml.com\/index.php\/wp-json\/wp\/v2\/media?parent=18230"}],"wp:term":[{"taxonomy":"product_brand","embeddable":true,"href":"http:\/\/www.butixsml.com\/index.php\/wp-json\/wp\/v2\/product_brand?post=18230"},{"taxonomy":"product_cat","embeddable":true,"href":"http:\/\/www.butixsml.com\/index.php\/wp-json\/wp\/v2\/product_cat?post=18230"},{"taxonomy":"product_tag","embeddable":true,"href":"http:\/\/www.butixsml.com\/index.php\/wp-json\/wp\/v2\/product_tag?post=18230"}],"curies":[{"name":"wp","href":"https:\/\/api.w.org\/{rel}","templated":true}]}}