{"id":19964,"date":"2026-03-31T08:27:36","date_gmt":"2026-03-31T08:27:36","guid":{"rendered":"https:\/\/www.butixsml.com\/?post_type=product&#038;p=19964"},"modified":"2026-03-31T08:28:30","modified_gmt":"2026-03-31T08:28:30","slug":"kadin-uzun-kollu-onden-dugmeli-bluz-ve-yuksek-bel-a-kesim-uzun-etek-sardonlu-kaskorse-ikili-takim","status":"publish","type":"product","link":"http:\/\/www.butixsml.com\/index.php\/urun\/kadin-uzun-kollu-onden-dugmeli-bluz-ve-yuksek-bel-a-kesim-uzun-etek-sardonlu-kaskorse-ikili-takim\/","title":{"rendered":"Kad\u0131n Uzun Kollu \u00f6nden D\u00fc\u011fmeli Bluz Ve Y\u00fcksek Bel A Kesim Uzun Etek \u015fardonlu Ka\u015fkorse Ikili Tak\u0131m"},"content":{"rendered":"<p>Kad\u0131n Uzun Kollu \u00f6nden D\u00fc\u011fmeli Bluz Ve Y\u00fcksek Bel A Kesim Uzun Etek \u015fardonlu Ka\u015fkorse Ikili Tak\u0131m<\/p>\n<p><\/p>\n<p>Modelin \u00d6l\u00e7\u00fcleri: Boy:165, Kg:55, G\u00f6\u011f\u00fcs:90, Bel:72, Kal\u00e7a: 100<\/p>\n<p><\/p>\n<p>Modelin \u00fczerindeki \u00fcr\u00fcn M\/38 bedendir<\/p>\n<p><\/p>\n<ul>\n<li>KOL UZUNLUK-Uzun Kol<\/li>\n<li>TAKIM OZELLIK-Etekli Tak\u0131m<\/li>\n<li>EK OZELLIKLER-Bo\u015f\/Ek \u00f6zellik Yok<\/li>\n<\/ul>\n","protected":false},"excerpt":{"rendered":"<p>Kad\u0131n Uzun Kollu \u00f6nden D\u00fc\u011fmeli Bluz Ve Y\u00fcksek Bel A Kesim Uzun Etek \u015fardonlu Ka\u015fkorse Ikili Tak\u0131m Modelin \u00d6l\u00e7\u00fcleri: Boy:165, Kg:55, G\u00f6\u011f\u00fcs:90, Bel:72, Kal\u00e7a: 100 Modelin \u00fczerindeki \u00fcr\u00fcn M\/38 bedendir KOL UZUNLUK-Uzun Kol TAKIM OZELLIK-Etekli Tak\u0131m EK OZELLIKLER-Bo\u015f\/Ek \u00f6zellik Yok<\/p>\n","protected":false},"featured_media":20046,"comment_status":"open","ping_status":"closed","template":"","meta":{"_kad_post_transparent":"","_kad_post_title":"","_kad_post_layout":"","_kad_post_sidebar_id":"","_kad_post_content_style":"","_kad_post_vertical_padding":"","_kad_post_feature":"","_kad_post_feature_position":"","_kad_post_header":false,"_kad_post_footer":false,"_kad_post_classname":""},"product_brand":[91],"product_cat":[25],"product_tag":[],"class_list":{"0":"post-19964","1":"product","2":"type-product","3":"status-publish","4":"has-post-thumbnail","6":"product_brand-butixsml","7":"product_cat-takim","9":"first","10":"instock","11":"shipping-taxable","12":"purchasable","13":"product-type-simple","14":"entry","15":"content-bg","16":"loop-entry"},"_links":{"self":[{"href":"http:\/\/www.butixsml.com\/index.php\/wp-json\/wp\/v2\/product\/19964","targetHints":{"allow":["GET"]}}],"collection":[{"href":"http:\/\/www.butixsml.com\/index.php\/wp-json\/wp\/v2\/product"}],"about":[{"href":"http:\/\/www.butixsml.com\/index.php\/wp-json\/wp\/v2\/types\/product"}],"replies":[{"embeddable":true,"href":"http:\/\/www.butixsml.com\/index.php\/wp-json\/wp\/v2\/comments?post=19964"}],"wp:featuredmedia":[{"embeddable":true,"href":"http:\/\/www.butixsml.com\/index.php\/wp-json\/wp\/v2\/media\/20046"}],"wp:attachment":[{"href":"http:\/\/www.butixsml.com\/index.php\/wp-json\/wp\/v2\/media?parent=19964"}],"wp:term":[{"taxonomy":"product_brand","embeddable":true,"href":"http:\/\/www.butixsml.com\/index.php\/wp-json\/wp\/v2\/product_brand?post=19964"},{"taxonomy":"product_cat","embeddable":true,"href":"http:\/\/www.butixsml.com\/index.php\/wp-json\/wp\/v2\/product_cat?post=19964"},{"taxonomy":"product_tag","embeddable":true,"href":"http:\/\/www.butixsml.com\/index.php\/wp-json\/wp\/v2\/product_tag?post=19964"}],"curies":[{"name":"wp","href":"https:\/\/api.w.org\/{rel}","templated":true}]}}