{"id":20183,"date":"2026-03-31T08:34:48","date_gmt":"2026-03-31T08:34:48","guid":{"rendered":"https:\/\/www.butixsml.com\/?post_type=product&#038;p=20183"},"modified":"2026-03-31T08:34:57","modified_gmt":"2026-03-31T08:34:57","slug":"erkek-flamli-kumas-sifir-kolsuz-atlet-basic-spor-ust-gunluk-ve-fitness-kullanimina-uygun-indigo","status":"publish","type":"product","link":"http:\/\/www.butixsml.com\/index.php\/urun\/erkek-flamli-kumas-sifir-kolsuz-atlet-basic-spor-ust-gunluk-ve-fitness-kullanimina-uygun-indigo\/","title":{"rendered":"Erkek Flaml\u0131 Kuma\u015f S\u0131f\u0131r Kolsuz Atlet Basic Spor \u00dcst, G\u00fcnl\u00fck Ve Fitness Kullan\u0131m\u0131na Uygun &#8211; \u0130ndigo"},"content":{"rendered":"<p>Erkek Flaml\u0131 Kuma\u015f S\u0131f\u0131r Kolsuz Atlet Basic Spor \u00dcst, G\u00fcnl\u00fck Ve Fitness Kullan\u0131m\u0131na Uygun &#8211; \u0130ndigo<\/p>\n<p><\/p>\n<ul>\n<\/ul>\n","protected":false},"excerpt":{"rendered":"<p>Erkek Flaml\u0131 Kuma\u015f S\u0131f\u0131r Kolsuz Atlet Basic Spor \u00dcst, G\u00fcnl\u00fck Ve Fitness Kullan\u0131m\u0131na Uygun &#8211; \u0130ndigo<\/p>\n","protected":false},"featured_media":20195,"comment_status":"open","ping_status":"closed","template":"","meta":{"_kad_post_transparent":"","_kad_post_title":"","_kad_post_layout":"","_kad_post_sidebar_id":"","_kad_post_content_style":"","_kad_post_vertical_padding":"","_kad_post_feature":"","_kad_post_feature_position":"","_kad_post_header":false,"_kad_post_footer":false,"_kad_post_classname":""},"product_brand":[91],"product_cat":[65],"product_tag":[],"class_list":{"0":"post-20183","1":"product","2":"type-product","3":"status-publish","4":"has-post-thumbnail","6":"product_brand-butixsml","7":"product_cat-erkek-atlet","9":"first","10":"instock","11":"shipping-taxable","12":"purchasable","13":"product-type-simple","14":"entry","15":"content-bg","16":"loop-entry"},"_links":{"self":[{"href":"http:\/\/www.butixsml.com\/index.php\/wp-json\/wp\/v2\/product\/20183","targetHints":{"allow":["GET"]}}],"collection":[{"href":"http:\/\/www.butixsml.com\/index.php\/wp-json\/wp\/v2\/product"}],"about":[{"href":"http:\/\/www.butixsml.com\/index.php\/wp-json\/wp\/v2\/types\/product"}],"replies":[{"embeddable":true,"href":"http:\/\/www.butixsml.com\/index.php\/wp-json\/wp\/v2\/comments?post=20183"}],"wp:featuredmedia":[{"embeddable":true,"href":"http:\/\/www.butixsml.com\/index.php\/wp-json\/wp\/v2\/media\/20195"}],"wp:attachment":[{"href":"http:\/\/www.butixsml.com\/index.php\/wp-json\/wp\/v2\/media?parent=20183"}],"wp:term":[{"taxonomy":"product_brand","embeddable":true,"href":"http:\/\/www.butixsml.com\/index.php\/wp-json\/wp\/v2\/product_brand?post=20183"},{"taxonomy":"product_cat","embeddable":true,"href":"http:\/\/www.butixsml.com\/index.php\/wp-json\/wp\/v2\/product_cat?post=20183"},{"taxonomy":"product_tag","embeddable":true,"href":"http:\/\/www.butixsml.com\/index.php\/wp-json\/wp\/v2\/product_tag?post=20183"}],"curies":[{"name":"wp","href":"https:\/\/api.w.org\/{rel}","templated":true}]}}