{"id":20358,"date":"2026-03-31T08:41:41","date_gmt":"2026-03-31T08:41:41","guid":{"rendered":"https:\/\/www.butixsml.com\/?post_type=product&#038;p=20358"},"modified":"2026-03-31T08:42:15","modified_gmt":"2026-03-31T08:42:15","slug":"erkek-triko-kumas-yakali-dugmesiz-acik-yaka-fitilli-kisa-kollu-regular-fit-tisort-t-shirt-mint-yesili","status":"publish","type":"product","link":"http:\/\/www.butixsml.com\/index.php\/urun\/erkek-triko-kumas-yakali-dugmesiz-acik-yaka-fitilli-kisa-kollu-regular-fit-tisort-t-shirt-mint-yesili\/","title":{"rendered":"Erkek Triko Kuma\u015f Yakal\u0131 D\u00fc\u011fmesiz A\u00e7\u0131k Yaka Fitilli K\u0131sa Kollu Regular Fit Ti\u015f\u00f6rt T-shirt &#8211; Mint Ye\u015fili"},"content":{"rendered":"<p>Erkek Triko Kuma\u015f Yakal\u0131 D\u00fc\u011fmesiz A\u00e7\u0131k Yaka Fitilli K\u0131sa Kollu Regular Fit Ti\u015f\u00f6rt T-shirt &#8211; Mint Ye\u015fili<\/p>\n<p><\/p>\n<ul>\n<\/ul>\n","protected":false},"excerpt":{"rendered":"<p>Erkek Triko Kuma\u015f Yakal\u0131 D\u00fc\u011fmesiz A\u00e7\u0131k Yaka Fitilli K\u0131sa Kollu Regular Fit Ti\u015f\u00f6rt T-shirt &#8211; Mint Ye\u015fili<\/p>\n","protected":false},"featured_media":20428,"comment_status":"open","ping_status":"closed","template":"","meta":{"_kad_post_transparent":"","_kad_post_title":"","_kad_post_layout":"","_kad_post_sidebar_id":"","_kad_post_content_style":"","_kad_post_vertical_padding":"","_kad_post_feature":"","_kad_post_feature_position":"","_kad_post_header":false,"_kad_post_footer":false,"_kad_post_classname":""},"product_brand":[91],"product_cat":[64],"product_tag":[],"class_list":{"0":"post-20358","1":"product","2":"type-product","3":"status-publish","4":"has-post-thumbnail","6":"product_brand-butixsml","7":"product_cat-erkek","9":"first","10":"instock","11":"shipping-taxable","12":"purchasable","13":"product-type-simple","14":"entry","15":"content-bg","16":"loop-entry"},"_links":{"self":[{"href":"http:\/\/www.butixsml.com\/index.php\/wp-json\/wp\/v2\/product\/20358","targetHints":{"allow":["GET"]}}],"collection":[{"href":"http:\/\/www.butixsml.com\/index.php\/wp-json\/wp\/v2\/product"}],"about":[{"href":"http:\/\/www.butixsml.com\/index.php\/wp-json\/wp\/v2\/types\/product"}],"replies":[{"embeddable":true,"href":"http:\/\/www.butixsml.com\/index.php\/wp-json\/wp\/v2\/comments?post=20358"}],"wp:featuredmedia":[{"embeddable":true,"href":"http:\/\/www.butixsml.com\/index.php\/wp-json\/wp\/v2\/media\/20428"}],"wp:attachment":[{"href":"http:\/\/www.butixsml.com\/index.php\/wp-json\/wp\/v2\/media?parent=20358"}],"wp:term":[{"taxonomy":"product_brand","embeddable":true,"href":"http:\/\/www.butixsml.com\/index.php\/wp-json\/wp\/v2\/product_brand?post=20358"},{"taxonomy":"product_cat","embeddable":true,"href":"http:\/\/www.butixsml.com\/index.php\/wp-json\/wp\/v2\/product_cat?post=20358"},{"taxonomy":"product_tag","embeddable":true,"href":"http:\/\/www.butixsml.com\/index.php\/wp-json\/wp\/v2\/product_tag?post=20358"}],"curies":[{"name":"wp","href":"https:\/\/api.w.org\/{rel}","templated":true}]}}