{"id":20604,"date":"2026-03-31T08:46:01","date_gmt":"2026-03-31T08:46:01","guid":{"rendered":"https:\/\/www.butixsml.com\/?post_type=product&#038;p=20604"},"modified":"2026-03-31T08:46:05","modified_gmt":"2026-03-31T08:46:05","slug":"balik-sirti-kase-kaban-uzun-boy-kruvaze-yaka-kusakli-astarli-kislik-tesettur-kaban-yunlu-dokuma-kasmir-kumas-cepli-rahat-oversize-kalip-sik-modern-kaban-mont-modeli-gunluk-ve-ozel-gun-kom","status":"publish","type":"product","link":"http:\/\/www.butixsml.com\/index.php\/urun\/balik-sirti-kase-kaban-uzun-boy-kruvaze-yaka-kusakli-astarli-kislik-tesettur-kaban-yunlu-dokuma-kasmir-kumas-cepli-rahat-oversize-kalip-sik-modern-kaban-mont-modeli-gunluk-ve-ozel-gun-kom\/","title":{"rendered":"Bal\u0131k S\u0131rt\u0131 Ka\u015fe Kaban \u2013 Uzun Boy Kruvaze Yaka Ku\u015fakl\u0131 Astarl\u0131 K\u0131\u015fl\u0131k Tesett\u00fcr Kaban, Y\u00fcnl\u00fc Dokuma Ka\u015fmir Kuma\u015f, Cepli Rahat Oversize Kal\u0131p \u015e\u0131k Modern Kaban Mont Modeli (G\u00fcnl\u00fck Ve \u00d6zel G\u00fcn Kombinlerine Uygun) &#8211; Siyah"},"content":{"rendered":"<p>Bal\u0131k S\u0131rt\u0131 Ka\u015fe Kaban \u2013 Uzun Boy Kruvaze Yaka Ku\u015fakl\u0131 Astarl\u0131 K\u0131\u015fl\u0131k Tesett\u00fcr Kaban, Y\u00fcnl\u00fc Dokuma Ka\u015fmir Kuma\u015f, Cepli Rahat Oversize Kal\u0131p \u015e\u0131k Modern Kaban Mont Modeli (G\u00fcnl\u00fck Ve \u00d6zel G\u00fcn Kombinlerine Uygun) &#8211; Siyah<\/p>\n<p><\/p>\n<p>Modelin \u00d6l\u00e7\u00fcleri: Boy:165, Kg:55, G\u00f6\u011f\u00fcs:90, Bel:72, Kal\u00e7a: 100<\/p>\n<p><\/p>\n<p>Modelin \u00fczerindeki \u00fcr\u00fcn M\/38 bedendir<\/p>\n<p><\/p>\n<ul>\n<\/ul>\n","protected":false},"excerpt":{"rendered":"<p>Bal\u0131k S\u0131rt\u0131 Ka\u015fe Kaban \u2013 Uzun Boy Kruvaze Yaka Ku\u015fakl\u0131 Astarl\u0131 K\u0131\u015fl\u0131k Tesett\u00fcr Kaban, Y\u00fcnl\u00fc Dokuma Ka\u015fmir Kuma\u015f, Cepli Rahat Oversize Kal\u0131p \u015e\u0131k Modern Kaban Mont Modeli (G\u00fcnl\u00fck Ve \u00d6zel G\u00fcn Kombinlerine Uygun) &#8211; Siyah Modelin \u00d6l\u00e7\u00fcleri: Boy:165, Kg:55, G\u00f6\u011f\u00fcs:90, Bel:72, Kal\u00e7a: 100 Modelin \u00fczerindeki \u00fcr\u00fcn M\/38 bedendir<\/p>\n","protected":false},"featured_media":20622,"comment_status":"open","ping_status":"closed","template":"","meta":{"_kad_post_transparent":"","_kad_post_title":"","_kad_post_layout":"","_kad_post_sidebar_id":"","_kad_post_content_style":"","_kad_post_vertical_padding":"","_kad_post_feature":"","_kad_post_feature_position":"","_kad_post_header":false,"_kad_post_footer":false,"_kad_post_classname":""},"product_brand":[91],"product_cat":[70],"product_tag":[],"class_list":{"0":"post-20604","1":"product","2":"type-product","3":"status-publish","4":"has-post-thumbnail","6":"product_brand-butixsml","7":"product_cat-tesettur-kaban","9":"first","10":"instock","11":"shipping-taxable","12":"purchasable","13":"product-type-simple","14":"entry","15":"content-bg","16":"loop-entry"},"_links":{"self":[{"href":"http:\/\/www.butixsml.com\/index.php\/wp-json\/wp\/v2\/product\/20604","targetHints":{"allow":["GET"]}}],"collection":[{"href":"http:\/\/www.butixsml.com\/index.php\/wp-json\/wp\/v2\/product"}],"about":[{"href":"http:\/\/www.butixsml.com\/index.php\/wp-json\/wp\/v2\/types\/product"}],"replies":[{"embeddable":true,"href":"http:\/\/www.butixsml.com\/index.php\/wp-json\/wp\/v2\/comments?post=20604"}],"wp:featuredmedia":[{"embeddable":true,"href":"http:\/\/www.butixsml.com\/index.php\/wp-json\/wp\/v2\/media\/20622"}],"wp:attachment":[{"href":"http:\/\/www.butixsml.com\/index.php\/wp-json\/wp\/v2\/media?parent=20604"}],"wp:term":[{"taxonomy":"product_brand","embeddable":true,"href":"http:\/\/www.butixsml.com\/index.php\/wp-json\/wp\/v2\/product_brand?post=20604"},{"taxonomy":"product_cat","embeddable":true,"href":"http:\/\/www.butixsml.com\/index.php\/wp-json\/wp\/v2\/product_cat?post=20604"},{"taxonomy":"product_tag","embeddable":true,"href":"http:\/\/www.butixsml.com\/index.php\/wp-json\/wp\/v2\/product_tag?post=20604"}],"curies":[{"name":"wp","href":"https:\/\/api.w.org\/{rel}","templated":true}]}}