{"id":20610,"date":"2026-03-31T08:46:02","date_gmt":"2026-03-31T08:46:02","guid":{"rendered":"https:\/\/www.butixsml.com\/?post_type=product&#038;p=20610"},"modified":"2026-03-31T08:46:19","modified_gmt":"2026-03-31T08:46:19","slug":"uzun-kase-kaban-yunlu-dokuma-kasmir-kumas-kruvaze-yaka-kusakli-astarli-tesettur-uyumlu-sik-kislik-siyah-model-fume","status":"publish","type":"product","link":"http:\/\/www.butixsml.com\/index.php\/urun\/uzun-kase-kaban-yunlu-dokuma-kasmir-kumas-kruvaze-yaka-kusakli-astarli-tesettur-uyumlu-sik-kislik-siyah-model-fume\/","title":{"rendered":"Uzun Ka\u015fe Kaban \u2013 Y\u00fcnl\u00fc Dokuma Ka\u015fmir Kuma\u015f, Kruvaze Yaka, Ku\u015fakl\u0131 Astarl\u0131 Tesett\u00fcr Uyumlu \u015e\u0131k K\u0131\u015fl\u0131k Siyah Model &#8211; F\u00fcme"},"content":{"rendered":"<p>Uzun Ka\u015fe Kaban \u2013 Y\u00fcnl\u00fc Dokuma Ka\u015fmir Kuma\u015f, Kruvaze Yaka, Ku\u015fakl\u0131 Astarl\u0131 Tesett\u00fcr Uyumlu \u015e\u0131k K\u0131\u015fl\u0131k Siyah Model &#8211; F\u00fcme<\/p>\n<p><\/p>\n<p>Modelin \u00d6l\u00e7\u00fcleri: Boy:165, Kg:55, G\u00f6\u011f\u00fcs:90, Bel:72, Kal\u00e7a: 100<\/p>\n<p><\/p>\n<p>Modelin \u00fczerindeki \u00fcr\u00fcn M\/38 bedendir<\/p>\n<p><\/p>\n<ul>\n<\/ul>\n","protected":false},"excerpt":{"rendered":"<p>Uzun Ka\u015fe Kaban \u2013 Y\u00fcnl\u00fc Dokuma Ka\u015fmir Kuma\u015f, Kruvaze Yaka, Ku\u015fakl\u0131 Astarl\u0131 Tesett\u00fcr Uyumlu \u015e\u0131k K\u0131\u015fl\u0131k Siyah Model &#8211; F\u00fcme Modelin \u00d6l\u00e7\u00fcleri: Boy:165, Kg:55, G\u00f6\u011f\u00fcs:90, Bel:72, Kal\u00e7a: 100 Modelin \u00fczerindeki \u00fcr\u00fcn M\/38 bedendir<\/p>\n","protected":false},"featured_media":20646,"comment_status":"open","ping_status":"closed","template":"","meta":{"_kad_post_transparent":"","_kad_post_title":"","_kad_post_layout":"","_kad_post_sidebar_id":"","_kad_post_content_style":"","_kad_post_vertical_padding":"","_kad_post_feature":"","_kad_post_feature_position":"","_kad_post_header":false,"_kad_post_footer":false,"_kad_post_classname":""},"product_brand":[91],"product_cat":[71],"product_tag":[],"class_list":{"0":"post-20610","1":"product","2":"type-product","3":"status-publish","4":"has-post-thumbnail","6":"product_brand-butixsml","7":"product_cat-kaban","9":"first","10":"instock","11":"shipping-taxable","12":"purchasable","13":"product-type-simple","14":"entry","15":"content-bg","16":"loop-entry"},"_links":{"self":[{"href":"http:\/\/www.butixsml.com\/index.php\/wp-json\/wp\/v2\/product\/20610","targetHints":{"allow":["GET"]}}],"collection":[{"href":"http:\/\/www.butixsml.com\/index.php\/wp-json\/wp\/v2\/product"}],"about":[{"href":"http:\/\/www.butixsml.com\/index.php\/wp-json\/wp\/v2\/types\/product"}],"replies":[{"embeddable":true,"href":"http:\/\/www.butixsml.com\/index.php\/wp-json\/wp\/v2\/comments?post=20610"}],"wp:featuredmedia":[{"embeddable":true,"href":"http:\/\/www.butixsml.com\/index.php\/wp-json\/wp\/v2\/media\/20646"}],"wp:attachment":[{"href":"http:\/\/www.butixsml.com\/index.php\/wp-json\/wp\/v2\/media?parent=20610"}],"wp:term":[{"taxonomy":"product_brand","embeddable":true,"href":"http:\/\/www.butixsml.com\/index.php\/wp-json\/wp\/v2\/product_brand?post=20610"},{"taxonomy":"product_cat","embeddable":true,"href":"http:\/\/www.butixsml.com\/index.php\/wp-json\/wp\/v2\/product_cat?post=20610"},{"taxonomy":"product_tag","embeddable":true,"href":"http:\/\/www.butixsml.com\/index.php\/wp-json\/wp\/v2\/product_tag?post=20610"}],"curies":[{"name":"wp","href":"https:\/\/api.w.org\/{rel}","templated":true}]}}