{"id":20616,"date":"2026-03-31T08:46:02","date_gmt":"2026-03-31T08:46:02","guid":{"rendered":"https:\/\/www.butixsml.com\/?post_type=product&#038;p=20616"},"modified":"2026-03-31T08:46:37","modified_gmt":"2026-03-31T08:46:37","slug":"erkek-sisme-fermuarli-yelek-su-itici-kapitone-astarli-kumas-cepli-hafif-kislik-spor-rahat-kalip-bej","status":"publish","type":"product","link":"http:\/\/www.butixsml.com\/index.php\/urun\/erkek-sisme-fermuarli-yelek-su-itici-kapitone-astarli-kumas-cepli-hafif-kislik-spor-rahat-kalip-bej\/","title":{"rendered":"Erkek \u015ei\u015fme Fermuarl\u0131 Yelek Su Itici Kapitone Astarl\u0131 Kuma\u015f Cepli Hafif K\u0131\u015fl\u0131k Spor Rahat Kal\u0131p -Bej"},"content":{"rendered":"<p>Erkek \u015ei\u015fme Fermuarl\u0131 Yelek Su Itici Kapitone Astarl\u0131 Kuma\u015f Cepli Hafif K\u0131\u015fl\u0131k Spor Rahat Kal\u0131p -Bej<\/p>\n<p><\/p>\n<ul>\n<\/ul>\n","protected":false},"excerpt":{"rendered":"<p>Erkek \u015ei\u015fme Fermuarl\u0131 Yelek Su Itici Kapitone Astarl\u0131 Kuma\u015f Cepli Hafif K\u0131\u015fl\u0131k Spor Rahat Kal\u0131p -Bej<\/p>\n","protected":false},"featured_media":20675,"comment_status":"open","ping_status":"closed","template":"","meta":{"_kad_post_transparent":"","_kad_post_title":"","_kad_post_layout":"","_kad_post_sidebar_id":"","_kad_post_content_style":"","_kad_post_vertical_padding":"","_kad_post_feature":"","_kad_post_feature_position":"","_kad_post_header":false,"_kad_post_footer":false,"_kad_post_classname":""},"product_brand":[91],"product_cat":[68],"product_tag":[],"class_list":{"0":"post-20616","1":"product","2":"type-product","3":"status-publish","4":"has-post-thumbnail","6":"product_brand-butixsml","7":"product_cat-erkek-yelek","9":"first","10":"instock","11":"shipping-taxable","12":"purchasable","13":"product-type-simple","14":"entry","15":"content-bg","16":"loop-entry"},"_links":{"self":[{"href":"http:\/\/www.butixsml.com\/index.php\/wp-json\/wp\/v2\/product\/20616","targetHints":{"allow":["GET"]}}],"collection":[{"href":"http:\/\/www.butixsml.com\/index.php\/wp-json\/wp\/v2\/product"}],"about":[{"href":"http:\/\/www.butixsml.com\/index.php\/wp-json\/wp\/v2\/types\/product"}],"replies":[{"embeddable":true,"href":"http:\/\/www.butixsml.com\/index.php\/wp-json\/wp\/v2\/comments?post=20616"}],"wp:featuredmedia":[{"embeddable":true,"href":"http:\/\/www.butixsml.com\/index.php\/wp-json\/wp\/v2\/media\/20675"}],"wp:attachment":[{"href":"http:\/\/www.butixsml.com\/index.php\/wp-json\/wp\/v2\/media?parent=20616"}],"wp:term":[{"taxonomy":"product_brand","embeddable":true,"href":"http:\/\/www.butixsml.com\/index.php\/wp-json\/wp\/v2\/product_brand?post=20616"},{"taxonomy":"product_cat","embeddable":true,"href":"http:\/\/www.butixsml.com\/index.php\/wp-json\/wp\/v2\/product_cat?post=20616"},{"taxonomy":"product_tag","embeddable":true,"href":"http:\/\/www.butixsml.com\/index.php\/wp-json\/wp\/v2\/product_tag?post=20616"}],"curies":[{"name":"wp","href":"https:\/\/api.w.org\/{rel}","templated":true}]}}