{"id":20695,"date":"2026-03-31T08:46:50","date_gmt":"2026-03-31T08:46:50","guid":{"rendered":"https:\/\/www.butixsml.com\/?post_type=product&#038;p=20695"},"modified":"2026-03-31T08:47:16","modified_gmt":"2026-03-31T08:47:16","slug":"erkek-fitilli-polar-sweatshirt-dugmesiz-polo-yaka-oversize-rahat-kalip-kalin-polar-kumas-kislik-ve-baharlik-sik-gunluk-ust-bej","status":"publish","type":"product","link":"http:\/\/www.butixsml.com\/index.php\/urun\/erkek-fitilli-polar-sweatshirt-dugmesiz-polo-yaka-oversize-rahat-kalip-kalin-polar-kumas-kislik-ve-baharlik-sik-gunluk-ust-bej\/","title":{"rendered":"Erkek Fitilli Polar Sweatshirt \u2013 D\u00fc\u011fmesiz Polo Yaka, Oversize Rahat Kal\u0131p, Kal\u0131n Polar Kuma\u015f, K\u0131\u015fl\u0131k Ve Baharl\u0131k \u015e\u0131k G\u00fcnl\u00fck \u00dcst &#8211; Bej"},"content":{"rendered":"<p>Erkek Fitilli Polar Sweatshirt \u2013 D\u00fc\u011fmesiz Polo Yaka, Oversize Rahat Kal\u0131p, Kal\u0131n Polar Kuma\u015f, K\u0131\u015fl\u0131k Ve Baharl\u0131k \u015e\u0131k G\u00fcnl\u00fck \u00dcst &#8211; Bej<\/p>\n<p><\/p>\n<ul>\n<\/ul>\n","protected":false},"excerpt":{"rendered":"<p>Erkek Fitilli Polar Sweatshirt \u2013 D\u00fc\u011fmesiz Polo Yaka, Oversize Rahat Kal\u0131p, Kal\u0131n Polar Kuma\u015f, K\u0131\u015fl\u0131k Ve Baharl\u0131k \u015e\u0131k G\u00fcnl\u00fck \u00dcst &#8211; Bej<\/p>\n","protected":false},"featured_media":20720,"comment_status":"open","ping_status":"closed","template":"","meta":{"_kad_post_transparent":"","_kad_post_title":"","_kad_post_layout":"","_kad_post_sidebar_id":"","_kad_post_content_style":"","_kad_post_vertical_padding":"","_kad_post_feature":"","_kad_post_feature_position":"","_kad_post_header":false,"_kad_post_footer":false,"_kad_post_classname":""},"product_brand":[91],"product_cat":[72],"product_tag":[],"class_list":{"0":"post-20695","1":"product","2":"type-product","3":"status-publish","4":"has-post-thumbnail","6":"product_brand-butixsml","7":"product_cat-erkek-sweatshirt","9":"first","10":"instock","11":"shipping-taxable","12":"purchasable","13":"product-type-simple","14":"entry","15":"content-bg","16":"loop-entry"},"_links":{"self":[{"href":"http:\/\/www.butixsml.com\/index.php\/wp-json\/wp\/v2\/product\/20695","targetHints":{"allow":["GET"]}}],"collection":[{"href":"http:\/\/www.butixsml.com\/index.php\/wp-json\/wp\/v2\/product"}],"about":[{"href":"http:\/\/www.butixsml.com\/index.php\/wp-json\/wp\/v2\/types\/product"}],"replies":[{"embeddable":true,"href":"http:\/\/www.butixsml.com\/index.php\/wp-json\/wp\/v2\/comments?post=20695"}],"wp:featuredmedia":[{"embeddable":true,"href":"http:\/\/www.butixsml.com\/index.php\/wp-json\/wp\/v2\/media\/20720"}],"wp:attachment":[{"href":"http:\/\/www.butixsml.com\/index.php\/wp-json\/wp\/v2\/media?parent=20695"}],"wp:term":[{"taxonomy":"product_brand","embeddable":true,"href":"http:\/\/www.butixsml.com\/index.php\/wp-json\/wp\/v2\/product_brand?post=20695"},{"taxonomy":"product_cat","embeddable":true,"href":"http:\/\/www.butixsml.com\/index.php\/wp-json\/wp\/v2\/product_cat?post=20695"},{"taxonomy":"product_tag","embeddable":true,"href":"http:\/\/www.butixsml.com\/index.php\/wp-json\/wp\/v2\/product_tag?post=20695"}],"curies":[{"name":"wp","href":"https:\/\/api.w.org\/{rel}","templated":true}]}}