{"id":20781,"date":"2026-03-31T08:49:44","date_gmt":"2026-03-31T08:49:44","guid":{"rendered":"https:\/\/www.butixsml.com\/?post_type=product&#038;p=20781"},"modified":"2026-03-31T08:49:53","modified_gmt":"2026-03-31T08:49:53","slug":"kadin-kolsuz-tek-omuz-damla-detay-ottoman-kumas-elbise-3","status":"publish","type":"product","link":"http:\/\/www.butixsml.com\/index.php\/urun\/kadin-kolsuz-tek-omuz-damla-detay-ottoman-kumas-elbise-3\/","title":{"rendered":"Kad\u0131n Kolsuz Tek Omuz Damla Detay Ottoman Kuma\u015f Elbise"},"content":{"rendered":"<p>Kad\u0131n Kolsuz Tek Omuz Damla Detay Ottoman Kuma\u015f Elbise<\/p>\n<p><\/p>\n<p>Modelin \u00d6l\u00e7\u00fcleri: Boy:165, Kg:55, G\u00f6\u011f\u00fcs:90, Bel:72, Kal\u00e7a: 100<\/p>\n<p><\/p>\n<p>Modelin \u00fczerindeki \u00fcr\u00fcn M\/38 bedendir<\/p>\n<p><\/p>\n<ul>\n<li>EK OZELLIKLER-Bo\u015f\/Ek \u00f6zellik Yok<\/li>\n<li>TARZ-Diger<\/li>\n<li>UZUNLUK-Bile\u011fin \u00fczerinde<\/li>\n<li>YAKA-Kay\u0131k\/Tekne Yaka<\/li>\n<li>DESEN-Di\u011ferleri<\/li>\n<li>KOL UZUNLUK-Kolsuz<\/li>\n<li>TARZ-G\u00fcndelik<\/li>\n<li>KALIP-Diger<\/li>\n<\/ul>\n","protected":false},"excerpt":{"rendered":"<p>Kad\u0131n Kolsuz Tek Omuz Damla Detay Ottoman Kuma\u015f Elbise Modelin \u00d6l\u00e7\u00fcleri: Boy:165, Kg:55, G\u00f6\u011f\u00fcs:90, Bel:72, Kal\u00e7a: 100 Modelin \u00fczerindeki \u00fcr\u00fcn M\/38 bedendir EK OZELLIKLER-Bo\u015f\/Ek \u00f6zellik Yok TARZ-Diger UZUNLUK-Bile\u011fin \u00fczerinde YAKA-Kay\u0131k\/Tekne Yaka DESEN-Di\u011ferleri KOL UZUNLUK-Kolsuz TARZ-G\u00fcndelik KALIP-Diger<\/p>\n","protected":false},"featured_media":20806,"comment_status":"open","ping_status":"closed","template":"","meta":{"_kad_post_transparent":"","_kad_post_title":"","_kad_post_layout":"","_kad_post_sidebar_id":"","_kad_post_content_style":"","_kad_post_vertical_padding":"","_kad_post_feature":"","_kad_post_feature_position":"","_kad_post_header":false,"_kad_post_footer":false,"_kad_post_classname":""},"product_brand":[91],"product_cat":[21],"product_tag":[],"class_list":{"0":"post-20781","1":"product","2":"type-product","3":"status-publish","4":"has-post-thumbnail","6":"product_brand-butixsml","7":"product_cat-elbise","9":"first","10":"instock","11":"shipping-taxable","12":"purchasable","13":"product-type-simple","14":"entry","15":"content-bg","16":"loop-entry"},"_links":{"self":[{"href":"http:\/\/www.butixsml.com\/index.php\/wp-json\/wp\/v2\/product\/20781","targetHints":{"allow":["GET"]}}],"collection":[{"href":"http:\/\/www.butixsml.com\/index.php\/wp-json\/wp\/v2\/product"}],"about":[{"href":"http:\/\/www.butixsml.com\/index.php\/wp-json\/wp\/v2\/types\/product"}],"replies":[{"embeddable":true,"href":"http:\/\/www.butixsml.com\/index.php\/wp-json\/wp\/v2\/comments?post=20781"}],"wp:featuredmedia":[{"embeddable":true,"href":"http:\/\/www.butixsml.com\/index.php\/wp-json\/wp\/v2\/media\/20806"}],"wp:attachment":[{"href":"http:\/\/www.butixsml.com\/index.php\/wp-json\/wp\/v2\/media?parent=20781"}],"wp:term":[{"taxonomy":"product_brand","embeddable":true,"href":"http:\/\/www.butixsml.com\/index.php\/wp-json\/wp\/v2\/product_brand?post=20781"},{"taxonomy":"product_cat","embeddable":true,"href":"http:\/\/www.butixsml.com\/index.php\/wp-json\/wp\/v2\/product_cat?post=20781"},{"taxonomy":"product_tag","embeddable":true,"href":"http:\/\/www.butixsml.com\/index.php\/wp-json\/wp\/v2\/product_tag?post=20781"}],"curies":[{"name":"wp","href":"https:\/\/api.w.org\/{rel}","templated":true}]}}