{"id":21097,"date":"2026-03-31T10:09:42","date_gmt":"2026-03-31T10:09:42","guid":{"rendered":"https:\/\/www.butixsml.com\/?post_type=product&#038;p=21097"},"modified":"2026-03-31T10:09:56","modified_gmt":"2026-03-31T10:09:56","slug":"erkek-bomber-mont-ceket-su-itici-kumas-kapitone-astarli-fermuarli-kislik-bej","status":"publish","type":"product","link":"http:\/\/www.butixsml.com\/index.php\/urun\/erkek-bomber-mont-ceket-su-itici-kumas-kapitone-astarli-fermuarli-kislik-bej\/","title":{"rendered":"Erkek Bomber Mont Ceket \u2013 Su \u0130tici Kuma\u015f, Kapitone Astarl\u0131, Fermuarl\u0131, K\u0131\u015fl\u0131k &#8211; Bej"},"content":{"rendered":"<p>Erkek Bomber Mont Ceket \u2013 Su \u0130tici Kuma\u015f, Kapitone Astarl\u0131, Fermuarl\u0131, K\u0131\u015fl\u0131k &#8211; Bej<\/p>\n<p><\/p>\n<ul>\n<\/ul>\n","protected":false},"excerpt":{"rendered":"<p>Erkek Bomber Mont Ceket \u2013 Su \u0130tici Kuma\u015f, Kapitone Astarl\u0131, Fermuarl\u0131, K\u0131\u015fl\u0131k &#8211; Bej<\/p>\n","protected":false},"featured_media":21126,"comment_status":"open","ping_status":"closed","template":"","meta":{"_kad_post_transparent":"","_kad_post_title":"","_kad_post_layout":"","_kad_post_sidebar_id":"","_kad_post_content_style":"","_kad_post_vertical_padding":"","_kad_post_feature":"","_kad_post_feature_position":"","_kad_post_header":false,"_kad_post_footer":false,"_kad_post_classname":""},"product_brand":[91],"product_cat":[35],"product_tag":[],"class_list":{"0":"post-21097","1":"product","2":"type-product","3":"status-publish","4":"has-post-thumbnail","6":"product_brand-butixsml","7":"product_cat-erkek-ceket","9":"first","10":"instock","11":"shipping-taxable","12":"purchasable","13":"product-type-simple","14":"entry","15":"content-bg","16":"loop-entry"},"_links":{"self":[{"href":"http:\/\/www.butixsml.com\/index.php\/wp-json\/wp\/v2\/product\/21097","targetHints":{"allow":["GET"]}}],"collection":[{"href":"http:\/\/www.butixsml.com\/index.php\/wp-json\/wp\/v2\/product"}],"about":[{"href":"http:\/\/www.butixsml.com\/index.php\/wp-json\/wp\/v2\/types\/product"}],"replies":[{"embeddable":true,"href":"http:\/\/www.butixsml.com\/index.php\/wp-json\/wp\/v2\/comments?post=21097"}],"wp:featuredmedia":[{"embeddable":true,"href":"http:\/\/www.butixsml.com\/index.php\/wp-json\/wp\/v2\/media\/21126"}],"wp:attachment":[{"href":"http:\/\/www.butixsml.com\/index.php\/wp-json\/wp\/v2\/media?parent=21097"}],"wp:term":[{"taxonomy":"product_brand","embeddable":true,"href":"http:\/\/www.butixsml.com\/index.php\/wp-json\/wp\/v2\/product_brand?post=21097"},{"taxonomy":"product_cat","embeddable":true,"href":"http:\/\/www.butixsml.com\/index.php\/wp-json\/wp\/v2\/product_cat?post=21097"},{"taxonomy":"product_tag","embeddable":true,"href":"http:\/\/www.butixsml.com\/index.php\/wp-json\/wp\/v2\/product_tag?post=21097"}],"curies":[{"name":"wp","href":"https:\/\/api.w.org\/{rel}","templated":true}]}}