{"id":21210,"date":"2026-03-31T10:41:18","date_gmt":"2026-03-31T10:41:18","guid":{"rendered":"https:\/\/www.butixsml.com\/?post_type=product&#038;p=21210"},"modified":"2026-03-31T10:42:47","modified_gmt":"2026-03-31T10:42:47","slug":"erkek-slim-fit-pamuklu-yumusak-doku-nefes-alan-kumas-yakali-tisort-5","status":"publish","type":"product","link":"http:\/\/www.butixsml.com\/index.php\/urun\/erkek-slim-fit-pamuklu-yumusak-doku-nefes-alan-kumas-yakali-tisort-5\/","title":{"rendered":"Erkek Slim Fit Pamuklu Yumu\u015fak Doku Nefes Alan Kuma\u015f Yakal\u0131 Ti\u015f\u00f6rt"},"content":{"rendered":"<p>Erkek Slim Fit Pamuklu Yumu\u015fak Doku Nefes Alan Kuma\u015f Yakal\u0131 Ti\u015f\u00f6rt<\/p>\n<p><\/p>\n<ul>\n<\/ul>\n","protected":false},"excerpt":{"rendered":"<p>Erkek Slim Fit Pamuklu Yumu\u015fak Doku Nefes Alan Kuma\u015f Yakal\u0131 Ti\u015f\u00f6rt<\/p>\n","protected":false},"featured_media":21272,"comment_status":"open","ping_status":"closed","template":"","meta":{"_kad_post_transparent":"","_kad_post_title":"","_kad_post_layout":"","_kad_post_sidebar_id":"","_kad_post_content_style":"","_kad_post_vertical_padding":"","_kad_post_feature":"","_kad_post_feature_position":"","_kad_post_header":false,"_kad_post_footer":false,"_kad_post_classname":""},"product_brand":[91],"product_cat":[33],"product_tag":[],"class_list":{"0":"post-21210","1":"product","2":"type-product","3":"status-publish","4":"has-post-thumbnail","6":"product_brand-butixsml","7":"product_cat-erkek-t-shirt","9":"first","10":"instock","11":"shipping-taxable","12":"purchasable","13":"product-type-simple","14":"entry","15":"content-bg","16":"loop-entry"},"_links":{"self":[{"href":"http:\/\/www.butixsml.com\/index.php\/wp-json\/wp\/v2\/product\/21210","targetHints":{"allow":["GET"]}}],"collection":[{"href":"http:\/\/www.butixsml.com\/index.php\/wp-json\/wp\/v2\/product"}],"about":[{"href":"http:\/\/www.butixsml.com\/index.php\/wp-json\/wp\/v2\/types\/product"}],"replies":[{"embeddable":true,"href":"http:\/\/www.butixsml.com\/index.php\/wp-json\/wp\/v2\/comments?post=21210"}],"wp:featuredmedia":[{"embeddable":true,"href":"http:\/\/www.butixsml.com\/index.php\/wp-json\/wp\/v2\/media\/21272"}],"wp:attachment":[{"href":"http:\/\/www.butixsml.com\/index.php\/wp-json\/wp\/v2\/media?parent=21210"}],"wp:term":[{"taxonomy":"product_brand","embeddable":true,"href":"http:\/\/www.butixsml.com\/index.php\/wp-json\/wp\/v2\/product_brand?post=21210"},{"taxonomy":"product_cat","embeddable":true,"href":"http:\/\/www.butixsml.com\/index.php\/wp-json\/wp\/v2\/product_cat?post=21210"},{"taxonomy":"product_tag","embeddable":true,"href":"http:\/\/www.butixsml.com\/index.php\/wp-json\/wp\/v2\/product_tag?post=21210"}],"curies":[{"name":"wp","href":"https:\/\/api.w.org\/{rel}","templated":true}]}}